{"id":2029,"date":"2025-11-24T11:15:38","date_gmt":"2025-11-24T11:15:38","guid":{"rendered":"https:\/\/www.passepartoutspain.com\/politica-de-cookies\/"},"modified":"2026-01-16T16:35:30","modified_gmt":"2026-01-16T16:35:30","slug":"politica-de-cookies","status":"publish","type":"page","link":"https:\/\/www.belgianfurniturespain.com\/es\/politica-de-cookies\/","title":{"rendered":"Pol\u00edtica de cookies"},"content":{"rendered":"<p>[et_pb_section fb_built=&#8221;1&#8243; _builder_version=&#8221;4.27.4&#8243; _module_preset=&#8221;default&#8221; custom_padding=&#8221;120px||||false|false&#8221; global_colors_info=&#8221;{}&#8221;][et_pb_row _builder_version=&#8221;4.27.4&#8243; _module_preset=&#8221;default&#8221; global_colors_info=&#8221;{}&#8221;][et_pb_column type=&#8221;4_4&#8243; _builder_version=&#8221;4.27.4&#8243; _module_preset=&#8221;default&#8221; global_colors_info=&#8221;{}&#8221;][et_pb_heading _builder_version=&#8221;4.27.4&#8243; _module_preset=&#8221;default&#8221; global_colors_info=&#8221;{}&#8221;][\/et_pb_heading][et_pb_text _builder_version=&#8221;4.27.4&#8243; _module_preset=&#8221;default&#8221; hover_enabled=&#8221;0&#8243; global_colors_info=&#8221;{}&#8221; sticky_enabled=&#8221;0&#8243;]<\/p>\n<p>&nbsp;<\/p>\n<p><span><span class=\"Apple-converted-space\"> <\/span><\/span>Seg\u00fan los t\u00e9rminos incluidos en el art\u00edculo 22.2 de la Ley 34\/2002 de Servicios de la Sociedad de la Informaci\u00f3n y Comercio Electr\u00f3nico, si contin\u00faa navegando, estar\u00e1 prestando su consentimiento para el empleo de los referidos mecanismos. En esta web se utilizan cookies de terceros y propias para conseguir una mejor experiencia y funcionalidad de navegaci\u00f3n, pueda compartir contenido en redes sociales y para que podamos obtener estad\u00edsticas de las visitas de los usuarios. <span class=\"Apple-converted-space\"> <\/span><\/p>\n<p>Puedes evitar la descarga de cookies a trav\u00e9s de la configuraci\u00f3n de tu navegador, evitando que las cookies se almacenen en tu dispositivo. Como propietario de este sitio web, le comunico que no utilizamos ninguna informaci\u00f3n personal procedente de cookies, tan s\u00f3lo realizamos estad\u00edsticas generales de visitas que no suponen ninguna informaci\u00f3n personal. Es muy importante que leas la presente pol\u00edtica de cookies y comprendas que, \u00fanicamente se almacenar\u00e1n en tu dispositivo las cookies necesarias para la navegaci\u00f3n. El resto de cookies se instalar\u00e1n siempre y cuando lo consientas expresamente.   <span class=\"Apple-converted-space\"> <\/span><\/p>\n<p><span style=\"font-size: large;\"><strong>Entidad Responsable<span class=\"Apple-converted-space\"> <\/span><\/strong><\/span><\/p>\n<p>La entidad responsable de la recogida, procesamiento y utilizaci\u00f3n de sus datos personales, en el sentido establecido por la Ley de Protecci\u00f3n de Datos personales, es la p\u00e1gina www.belgianfurniturespain.com, propiedad de la Compa\u00f1\u00eda BEMONT MARBELLA SLU con CIF\/NIF B93360279 y domicilio social en Calle Hemingway 62, Local 2, Planta baja, Pol. Ind. Guadalhorce, 29004 M\u00e1laga, Espa\u00f1a.<span class=\"Apple-converted-space\"> <\/span><\/p>\n<p><span style=\"font-size: large;\"><strong>\u00bfQu\u00e9 son las cookies?<span class=\"Apple-converted-space\"> <\/span><\/strong><\/span><b><\/b><\/p>\n<p>Las cookies son un conjunto de datos que un servidor deposita en el navegador del usuario para recoger la informaci\u00f3n de registro est\u00e1ndar de Internet y la informaci\u00f3n del comportamiento de los visitantes en un sitio web. Es decir, se trata de peque\u00f1os archivos de texto que quedan almacenados en el disco duro del ordenador y que sirven para identificar al usuario cuando se conecta nuevamente al sitio web. Su objetivo es registrar la visita del usuario y guardar cierta informaci\u00f3n. Su uso es com\u00fan y frecuente en la web, ya que permite a las p\u00e1ginas funcionar de manera m\u00e1s eficiente y conseguir una mayor personalizaci\u00f3n y an\u00e1lisis sobre el comportamiento del usuario.   <span class=\"Apple-converted-space\"> <\/span><\/p>\n<p><span style=\"font-size: large;\"><strong>\u00bfQu\u00e9 tipos de cookies existen?<span class=\"Apple-converted-space\"> <\/span><\/strong><\/span><b><\/b><\/p>\n<p>Las cookies utilizadas en nuestro sitio web, son de sesi\u00f3n y de terceros, y nos permiten almacenar y acceder a informaci\u00f3n relativa al idioma, el tipo de navegador utilizado, y otras caracter\u00edsticas generales predefinidas por el usuario, as\u00ed como, seguir y analizar la actividad que lleva a cabo, con el objeto de introducir mejoras y prestar nuestros servicios de una manera m\u00e1s eficiente y personalizada.<span class=\"Apple-converted-space\"> <\/span><\/p>\n<p>Las cookies, en funci\u00f3n de su permanencia, pueden dividirse en cookies de sesi\u00f3n o permanentes. Las que expiran cuando el usuario cierra el navegador. Las que expiran en funci\u00f3n de cuando se cumpla el objetivo para el que sirven.  <span class=\"Apple-converted-space\"> <\/span><\/p>\n<p>Adicionalmente, en funci\u00f3n de su objetivo, las cookies pueden clasificarse de la siguiente forma:<span class=\"Apple-converted-space\"> <\/span><\/p>\n<table cellspacing=\"0\" cellpadding=\"0\" width=\"950\" height=\"88\">\n<tbody>\n<tr>\n<td valign=\"top\" style=\"width: 200.375px;\">\n<p><b>Nombre<span class=\"Apple-converted-space\"> <\/span><\/b><b><\/b><\/p>\n<\/td>\n<td valign=\"top\" style=\"width: 117.03125px;\">\n<p><b>Tipo<span class=\"Apple-converted-space\"> <\/span><\/b><b><\/b><\/p>\n<\/td>\n<td valign=\"top\" style=\"width: 254.390625px;\">\n<p><b>Caducidad<span class=\"Apple-converted-space\"> <\/span><\/b><b><\/b><\/p>\n<\/td>\n<td valign=\"top\" style=\"width: 231.21875px;\">\n<p><b>Finalidad<span class=\"Apple-converted-space\"> <\/span><\/b><b><\/b><\/p>\n<\/td>\n<td valign=\"top\" style=\"width: 135.015625px;\">\n<p><b>Clase<span class=\"Apple-converted-space\"> <\/span><\/b><b><\/b><\/p>\n<\/td>\n<\/tr>\n<tr>\n<td valign=\"top\" style=\"width: 200.375px;\">\n<p>&#8230;&#8230;..<span class=\"Apple-converted-space\"> <\/span><\/p>\n<\/td>\n<td valign=\"top\" style=\"width: 117.03125px;\">\n<p>&#8230;&#8230;..<span class=\"Apple-converted-space\"> <\/span><\/p>\n<\/td>\n<td valign=\"top\" style=\"width: 254.390625px;\">\n<p>&#8230;&#8230;..<span class=\"Apple-converted-space\"> <\/span><\/p>\n<\/td>\n<td valign=\"top\" style=\"width: 231.21875px;\">\n<p>&#8230;&#8230;..<span class=\"Apple-converted-space\"> <\/span><\/p>\n<\/td>\n<td valign=\"top\" style=\"width: 135.015625px;\">\n<p>&#8230;&#8230;..<span class=\"Apple-converted-space\"> <\/span><\/p>\n<\/td>\n<\/tr>\n<\/tbody>\n<\/table>\n<p><span style=\"font-size: large;\"><strong>Cookies de rendimiento<span class=\"Apple-converted-space\"> <\/span><\/strong><\/span><b><\/b><\/p>\n<p>Este tipo de Cookie recuerda sus preferencias para las herramientas que se encuentran en los servicios, por lo que no tiene que volver a configurar el servicio cada vez que usted lo visite. A modo de ejemplo, en esta tipolog\u00eda se incluyen: Ajustes de volumen de reproductores de v\u00eddeo o sonido. Las velocidades de transmisi\u00f3n de v\u00eddeo que sean compatibles con su navegador. Los objetos guardados en el &#8220;carrito de la compra&#8221; en los servicios de comercio electr\u00f3nico tales como tiendas.   <span class=\"Apple-converted-space\"> <\/span><\/p>\n<p><span style=\"font-size: large;\"><strong>Cookies de geolocalizaci\u00f3n<span class=\"Apple-converted-space\"> <\/span><\/strong><\/span><b><\/b><\/p>\n<p>Estas cookies se utilizan para averiguar en qu\u00e9 pa\u00eds se encuentra cuando se solicita un servicio. Esta cookie es totalmente an\u00f3nima, y s\u00f3lo se utiliza para ayudar a orientar el contenido a su ubicaci\u00f3n. <span class=\"Apple-converted-space\"> <\/span><\/p>\n<p><span style=\"font-size: large;\"><strong>Cookies de registro<span class=\"Apple-converted-space\"> <\/span><\/strong><\/span><b><\/b><\/p>\n<p>Las cookies de registro se generan una vez que el usuario se ha registrado o posteriormente ha abierto su sesi\u00f3n, y se utilizan para identificarle en los servicios con los siguientes objetivos:<span class=\"Apple-converted-space\"> <\/span><\/p>\n<p>&#8211; <span>Mantener <\/span>al usuario identificado de forma que, si cierra un servicio, el navegador o el ordenador y en otro momento u otro d\u00eda vuelve a entrar en dicho servicio, seguir\u00e1 identificado, facilitando as\u00ed su navegaci\u00f3n sin tener que volver a identificarse. Esta funcionalidad se puede suprimir si el usuario pulsa la funcionalidad [cerrar sesi\u00f3n], de forma que esta cookie se elimine y la pr\u00f3xima vez que entre en el servicio el usuario tendr\u00e1 que iniciar sesi\u00f3n para estar identificado. <span class=\"Apple-converted-space\"> <\/span><\/p>\n<p>&#8211; <span>Comprobar <\/span>si el usuario est\u00e1 autorizado para acceder a ciertos servicios, por ejemplo, para participar en un concurso.<span class=\"Apple-converted-space\"> <\/span><\/p>\n<p>Adem\u00e1s, algunos servicios pueden utilizar conectores con redes sociales como Facebook, Instagram o Twitter, entre otras. Cuando el usuario se registra en un servicio con credenciales de una red social, autoriza a la red social a guardar una Cookie persistente que recuerda su identidad y le garantiza acceso a los servicios hasta que expire. El usuario puede borrar esta Cookie y revocar el acceso a los servicios mediante redes sociales actualizando sus preferencias en la red social que especifique.  <span class=\"Apple-converted-space\"> <\/span><\/p>\n<p><span style=\"font-size: large;\"><strong>Cookies anal\u00edticas<span class=\"Apple-converted-space\"> <\/span><\/strong><\/span><b><\/b><\/p>\n<p>Cada vez que un usuario visita un servicio, una herramienta de un proveedor externo genera una cookie anal\u00edtica en el ordenador del usuario. Esta cookie que s\u00f3lo se genera en la visita, servir\u00e1 en pr\u00f3ximas visitas a los servicios de BEMONT MARBELLA, S.L.U., para identificar de forma an\u00f3nima al visitante. Los objetivos principales que se persiguen son:  <span class=\"Apple-converted-space\"> <\/span><\/p>\n<p>&#8211; <span>Permitir <\/span>la identificaci\u00f3n an\u00f3nima de los usuarios navegantes a trav\u00e9s de la cookie (identifica navegadores y dispositivos, no personas) y por lo tanto la contabilizaci\u00f3n aproximada del n\u00famero de visitantes y su tendencia en el tiempo.<span class=\"Apple-converted-space\"> <\/span><\/p>\n<p>&#8211; <span>Identificar <\/span>de forma an\u00f3nima los contenidos m\u00e1s visitados y por lo tanto m\u00e1s atractivos para los usuarios saber si el usuario que est\u00e1 accediendo es nuevo o repite visita.<span class=\"Apple-converted-space\"> <\/span><\/p>\n<p>Importante: Salvo que el usuario decida registrarse en un servicio BEMONT MARBELLA, S.L.U., la cookie nunca ir\u00e1 asociada a ning\u00fan dato de car\u00e1cter personal que pueda identificarle. Dichas cookies s\u00f3lo ser\u00e1n utilizadas con prop\u00f3sitos estad\u00edsticos que ayuden a la optimizaci\u00f3n de la experiencia de los usuarios en el sitio. <span class=\"Apple-converted-space\"> <\/span><\/p>\n<p><span style=\"font-size: large;\"><strong>Cookies de publicidad<span class=\"Apple-converted-space\"> <\/span><\/strong><\/span><b><\/b><\/p>\n<p>Este tipo de cookies permiten ampliar la informaci\u00f3n de los anuncios mostrados a cada usuario an\u00f3nimo en los servicios de BEMONT MARBELLA SLU Entre otros, se almacena la duraci\u00f3n o frecuencia de visualizaci\u00f3n de posiciones publicitarias, la interacci\u00f3n con las mismas, o los patrones de navegaci\u00f3n y\/o comportamientos del usuario ya que ayudan a conformar un perfil de inter\u00e9s publicitario. De este modo, permiten ofrecer publicidad af\u00edn a los intereses del usuario. <span class=\"Apple-converted-space\"> <\/span><\/p>\n<p><span style=\"font-size: large;\"><strong>Cookies publicitarias de terceros<span class=\"Apple-converted-space\"> <\/span><\/strong><\/span><b><\/b><\/p>\n<p>Adem\u00e1s de la publicidad gestionada por las webs BEMONT MARBELLA SLU en sus servicios, las webs de BEMONT MARBELLA SLU ofrecen a sus anunciantes la opci\u00f3n de servir anuncios a trav\u00e9s de terceros (&#8220;Ad- Servers&#8221;). De este modo, estos terceros pueden almacenar cookies enviadas desde los servicios de BEMONT MARBELLA SLU procedentes de los navegadores de los usuarios, as\u00ed como acceder a los datos que en ellas se guardan. <span class=\"Apple-converted-space\"> <\/span><\/p>\n<p><span style=\"font-size: large;\"><strong>\u00bfC\u00f3mo puedo deshabilitar las cookies en mi navegador?<span class=\"Apple-converted-space\"> <\/span><\/strong><\/span><b><\/b><\/p>\n<p>Se pueden configurar los diferentes navegadores para avisar al usuario de la recepci\u00f3n de cookies y, si se desea, impedir su instalaci\u00f3n en el equipo. Asimismo, el usuario puede revisar en su navegador qu\u00e9 cookies tiene instaladas y cu\u00e1l es el plazo de caducidad de las mismas, pudiendo eliminarlas. <span class=\"Apple-converted-space\"> <\/span><\/p>\n<p>Para ampliar esta informaci\u00f3n consulta las instrucciones y manuales de tu navegador:<span class=\"Apple-converted-space\"> <\/span><\/p>\n<p>&#8211; <span>Para <\/span>m\u00e1s informaci\u00f3n sobre la administraci\u00f3n de las cookies en Google Chrome: <a href=\"https:\/\/support.google.com\/chrome\/answer\/95647?hl=es\">aqu\u00ed<\/a><span class=\"Apple-converted-space\"> <\/span><\/p>\n<p>&#8211; <span>Para <\/span>m\u00e1s informaci\u00f3n sobre la administraci\u00f3n de las cookies en Internet Explore: <a href=\"https:\/\/support.microsoft.com\/es-es\/windows\/administrar-cookies-en-microsoft-edge-ver-permitir-bloquear-eliminar-y-usar-168dab11-0753-043d-7c16-ede5947fc64d\">aqu\u00ed<\/a><span style=\"font-size: 14px;\"> <\/span><\/p>\n<p>&#8211; <span>Para <\/span>m\u00e1s informaci\u00f3n sobre la administraci\u00f3n de las cookies en Mozilla Firefox: <a href=\"https:\/\/support.microsoft.com\/en-gb\/windows\">aqu\u00ed<span class=\"Apple-converted-space\"> <\/span><\/a> <\/p>\n<p>&#8211; <span>Para <\/span>m\u00e1s informaci\u00f3n sobre la administraci\u00f3n de las cookies en Safari:<a href=\"https:\/\/www.apple.com\/legal\/privacy\/es\/cookies\/\"> aqu\u00ed<\/a><span class=\"Apple-converted-space\"> <\/span><\/p>\n<p>&#8211; <span>Para <\/span>m\u00e1s informaci\u00f3n sobre la administraci\u00f3n de las cookies en Opera: <a href=\"https:\/\/help.opera.com\/en\/latest\/web-preferences\/#cookies\">aqu\u00ed<span class=\"Apple-converted-space\"> <\/span><\/a> <\/p>\n<p>&#8211; <span>Si <\/span>desea dejar de ser seguido por Google Analytics visite: <a href=\"https:\/\/tools.google.com\/dlpage\/gaoptout\">aqu\u00ed<span class=\"Apple-converted-space\"> <\/span><\/a> <\/p>\n<p>[\/et_pb_text][\/et_pb_column][\/et_pb_row][\/et_pb_section]<\/p>\n","protected":false},"excerpt":{"rendered":"<p>&nbsp; Seg\u00fan los t\u00e9rminos incluidos en el art\u00edculo 22.2 de la Ley 34\/2002 de Servicios de la Sociedad de la Informaci\u00f3n y Comercio Electr\u00f3nico, si contin\u00faa navegando, estar\u00e1 prestando su consentimiento para el empleo de los referidos mecanismos. En esta web se utilizan cookies de terceros y propias para conseguir una mejor experiencia y funcionalidad de navegaci\u00f3n, pueda compartir contenido en redes sociales y para que podamos obtener estad\u00edsticas de las visitas de los usuarios. Puedes evitar la descarga de cookies a trav\u00e9s de la configuraci\u00f3n de tu navegador, evitando que las cookies se almacenen en tu dispositivo. Como propietario de este sitio web, le comunico que no utilizamos ninguna informaci\u00f3n personal procedente de cookies, tan s\u00f3lo realizamos estad\u00edsticas generales de visitas que no suponen ninguna informaci\u00f3n personal. Es muy importante que leas la presente pol\u00edtica de cookies y comprendas que, \u00fanicamente se almacenar\u00e1n en tu dispositivo las cookies necesarias para la navegaci\u00f3n. El resto de cookies se instalar\u00e1n siempre y cuando lo consientas expresamente. Entidad Responsable La entidad responsable de la recogida, procesamiento y utilizaci\u00f3n de sus datos personales, en el sentido establecido por la Ley de Protecci\u00f3n de Datos personales, es la p\u00e1gina www.belgianfurniturespain.com, propiedad de la Compa\u00f1\u00eda [&hellip;]<\/p>\n","protected":false},"author":2,"featured_media":0,"parent":0,"menu_order":0,"comment_status":"closed","ping_status":"closed","template":"","meta":{"_acf_changed":false,"_et_pb_use_builder":"on","_et_pb_old_content":"","_et_gb_content_width":"","footnotes":""},"class_list":["post-2029","page","type-page","status-publish","hentry"],"acf":[],"yoast_head":"<!-- This site is optimized with the Yoast SEO plugin v27.4 - https:\/\/yoast.com\/product\/yoast-seo-wordpress\/ -->\n<title>Pol\u00edtica de cookies - Premium Belgian Furniture Spain<\/title>\n<meta name=\"robots\" content=\"index, follow, max-snippet:-1, max-image-preview:large, max-video-preview:-1\" \/>\n<link rel=\"canonical\" href=\"https:\/\/www.belgianfurniturespain.com\/es\/politica-de-cookies\/\" \/>\n<meta property=\"og:locale\" content=\"es_ES\" \/>\n<meta property=\"og:type\" content=\"article\" \/>\n<meta property=\"og:title\" content=\"Pol\u00edtica de cookies - Premium Belgian Furniture Spain\" \/>\n<meta property=\"og:description\" content=\"&nbsp; Seg\u00fan los t\u00e9rminos incluidos en el art\u00edculo 22.2 de la Ley 34\/2002 de Servicios de la Sociedad de la Informaci\u00f3n y Comercio Electr\u00f3nico, si contin\u00faa navegando, estar\u00e1 prestando su consentimiento para el empleo de los referidos mecanismos. En esta web se utilizan cookies de terceros y propias para conseguir una mejor experiencia y funcionalidad de navegaci\u00f3n, pueda compartir contenido en redes sociales y para que podamos obtener estad\u00edsticas de las visitas de los usuarios. Puedes evitar la descarga de cookies a trav\u00e9s de la configuraci\u00f3n de tu navegador, evitando que las cookies se almacenen en tu dispositivo. Como propietario de este sitio web, le comunico que no utilizamos ninguna informaci\u00f3n personal procedente de cookies, tan s\u00f3lo realizamos estad\u00edsticas generales de visitas que no suponen ninguna informaci\u00f3n personal. Es muy importante que leas la presente pol\u00edtica de cookies y comprendas que, \u00fanicamente se almacenar\u00e1n en tu dispositivo las cookies necesarias para la navegaci\u00f3n. El resto de cookies se instalar\u00e1n siempre y cuando lo consientas expresamente. Entidad Responsable La entidad responsable de la recogida, procesamiento y utilizaci\u00f3n de sus datos personales, en el sentido establecido por la Ley de Protecci\u00f3n de Datos personales, es la p\u00e1gina www.belgianfurniturespain.com, propiedad de la Compa\u00f1\u00eda [&hellip;]\" \/>\n<meta property=\"og:url\" content=\"https:\/\/www.belgianfurniturespain.com\/es\/politica-de-cookies\/\" \/>\n<meta property=\"og:site_name\" content=\"Premium Belgian Furniture Spain\" \/>\n<meta property=\"article:modified_time\" content=\"2026-01-16T16:35:30+00:00\" \/>\n<meta name=\"twitter:card\" content=\"summary_large_image\" \/>\n<meta name=\"twitter:label1\" content=\"Est. reading time\" \/>\n\t<meta name=\"twitter:data1\" content=\"7 minutes\" \/>\n<script type=\"application\/ld+json\" class=\"yoast-schema-graph\">{\"@context\":\"https:\\\/\\\/schema.org\",\"@graph\":[{\"@type\":\"WebPage\",\"@id\":\"https:\\\/\\\/www.belgianfurniturespain.com\\\/es\\\/politica-de-cookies\\\/\",\"url\":\"https:\\\/\\\/www.belgianfurniturespain.com\\\/es\\\/politica-de-cookies\\\/\",\"name\":\"Pol\u00edtica de cookies - Premium Belgian Furniture Spain\",\"isPartOf\":{\"@id\":\"https:\\\/\\\/www.belgianfurniturespain.com\\\/es\\\/#website\"},\"datePublished\":\"2025-11-24T11:15:38+00:00\",\"dateModified\":\"2026-01-16T16:35:30+00:00\",\"breadcrumb\":{\"@id\":\"https:\\\/\\\/www.belgianfurniturespain.com\\\/es\\\/politica-de-cookies\\\/#breadcrumb\"},\"inLanguage\":\"es-ES\",\"potentialAction\":[{\"@type\":\"ReadAction\",\"target\":[\"https:\\\/\\\/www.belgianfurniturespain.com\\\/es\\\/politica-de-cookies\\\/\"]}]},{\"@type\":\"BreadcrumbList\",\"@id\":\"https:\\\/\\\/www.belgianfurniturespain.com\\\/es\\\/politica-de-cookies\\\/#breadcrumb\",\"itemListElement\":[{\"@type\":\"ListItem\",\"position\":1,\"name\":\"Home\",\"item\":\"https:\\\/\\\/www.belgianfurniturespain.com\\\/es\\\/pagina-de-inicio\\\/\"},{\"@type\":\"ListItem\",\"position\":2,\"name\":\"Pol\u00edtica de cookies\"}]},{\"@type\":\"WebSite\",\"@id\":\"https:\\\/\\\/www.belgianfurniturespain.com\\\/es\\\/#website\",\"url\":\"https:\\\/\\\/www.belgianfurniturespain.com\\\/es\\\/\",\"name\":\"Premium Belgian Furniture Spain\",\"description\":\"- Exclusive Passe Partout Distributor | Sofas, Tables, Chairs, Seats, Beds &amp; Outdoor \",\"potentialAction\":[{\"@type\":\"SearchAction\",\"target\":{\"@type\":\"EntryPoint\",\"urlTemplate\":\"https:\\\/\\\/www.belgianfurniturespain.com\\\/es\\\/?s={search_term_string}\"},\"query-input\":{\"@type\":\"PropertyValueSpecification\",\"valueRequired\":true,\"valueName\":\"search_term_string\"}}],\"inLanguage\":\"es-ES\"}]}<\/script>\n<!-- \/ Yoast SEO plugin. -->","yoast_head_json":{"title":"Pol\u00edtica de cookies - Premium Belgian Furniture Spain","robots":{"index":"index","follow":"follow","max-snippet":"max-snippet:-1","max-image-preview":"max-image-preview:large","max-video-preview":"max-video-preview:-1"},"canonical":"https:\/\/www.belgianfurniturespain.com\/es\/politica-de-cookies\/","og_locale":"es_ES","og_type":"article","og_title":"Pol\u00edtica de cookies - Premium Belgian Furniture Spain","og_description":"&nbsp; Seg\u00fan los t\u00e9rminos incluidos en el art\u00edculo 22.2 de la Ley 34\/2002 de Servicios de la Sociedad de la Informaci\u00f3n y Comercio Electr\u00f3nico, si contin\u00faa navegando, estar\u00e1 prestando su consentimiento para el empleo de los referidos mecanismos. En esta web se utilizan cookies de terceros y propias para conseguir una mejor experiencia y funcionalidad de navegaci\u00f3n, pueda compartir contenido en redes sociales y para que podamos obtener estad\u00edsticas de las visitas de los usuarios. Puedes evitar la descarga de cookies a trav\u00e9s de la configuraci\u00f3n de tu navegador, evitando que las cookies se almacenen en tu dispositivo. Como propietario de este sitio web, le comunico que no utilizamos ninguna informaci\u00f3n personal procedente de cookies, tan s\u00f3lo realizamos estad\u00edsticas generales de visitas que no suponen ninguna informaci\u00f3n personal. Es muy importante que leas la presente pol\u00edtica de cookies y comprendas que, \u00fanicamente se almacenar\u00e1n en tu dispositivo las cookies necesarias para la navegaci\u00f3n. El resto de cookies se instalar\u00e1n siempre y cuando lo consientas expresamente. Entidad Responsable La entidad responsable de la recogida, procesamiento y utilizaci\u00f3n de sus datos personales, en el sentido establecido por la Ley de Protecci\u00f3n de Datos personales, es la p\u00e1gina www.belgianfurniturespain.com, propiedad de la Compa\u00f1\u00eda [&hellip;]","og_url":"https:\/\/www.belgianfurniturespain.com\/es\/politica-de-cookies\/","og_site_name":"Premium Belgian Furniture Spain","article_modified_time":"2026-01-16T16:35:30+00:00","twitter_card":"summary_large_image","twitter_misc":{"Est. reading time":"7 minutes"},"schema":{"@context":"https:\/\/schema.org","@graph":[{"@type":"WebPage","@id":"https:\/\/www.belgianfurniturespain.com\/es\/politica-de-cookies\/","url":"https:\/\/www.belgianfurniturespain.com\/es\/politica-de-cookies\/","name":"Pol\u00edtica de cookies - Premium Belgian Furniture Spain","isPartOf":{"@id":"https:\/\/www.belgianfurniturespain.com\/es\/#website"},"datePublished":"2025-11-24T11:15:38+00:00","dateModified":"2026-01-16T16:35:30+00:00","breadcrumb":{"@id":"https:\/\/www.belgianfurniturespain.com\/es\/politica-de-cookies\/#breadcrumb"},"inLanguage":"es-ES","potentialAction":[{"@type":"ReadAction","target":["https:\/\/www.belgianfurniturespain.com\/es\/politica-de-cookies\/"]}]},{"@type":"BreadcrumbList","@id":"https:\/\/www.belgianfurniturespain.com\/es\/politica-de-cookies\/#breadcrumb","itemListElement":[{"@type":"ListItem","position":1,"name":"Home","item":"https:\/\/www.belgianfurniturespain.com\/es\/pagina-de-inicio\/"},{"@type":"ListItem","position":2,"name":"Pol\u00edtica de cookies"}]},{"@type":"WebSite","@id":"https:\/\/www.belgianfurniturespain.com\/es\/#website","url":"https:\/\/www.belgianfurniturespain.com\/es\/","name":"Premium Belgian Furniture Spain","description":"- Exclusive Passe Partout Distributor | Sofas, Tables, Chairs, Seats, Beds &amp; Outdoor ","potentialAction":[{"@type":"SearchAction","target":{"@type":"EntryPoint","urlTemplate":"https:\/\/www.belgianfurniturespain.com\/es\/?s={search_term_string}"},"query-input":{"@type":"PropertyValueSpecification","valueRequired":true,"valueName":"search_term_string"}}],"inLanguage":"es-ES"}]}},"_links":{"self":[{"href":"https:\/\/www.belgianfurniturespain.com\/es\/wp-json\/wp\/v2\/pages\/2029","targetHints":{"allow":["GET"]}}],"collection":[{"href":"https:\/\/www.belgianfurniturespain.com\/es\/wp-json\/wp\/v2\/pages"}],"about":[{"href":"https:\/\/www.belgianfurniturespain.com\/es\/wp-json\/wp\/v2\/types\/page"}],"author":[{"embeddable":true,"href":"https:\/\/www.belgianfurniturespain.com\/es\/wp-json\/wp\/v2\/users\/2"}],"replies":[{"embeddable":true,"href":"https:\/\/www.belgianfurniturespain.com\/es\/wp-json\/wp\/v2\/comments?post=2029"}],"version-history":[{"count":1,"href":"https:\/\/www.belgianfurniturespain.com\/es\/wp-json\/wp\/v2\/pages\/2029\/revisions"}],"predecessor-version":[{"id":2041,"href":"https:\/\/www.belgianfurniturespain.com\/es\/wp-json\/wp\/v2\/pages\/2029\/revisions\/2041"}],"wp:attachment":[{"href":"https:\/\/www.belgianfurniturespain.com\/es\/wp-json\/wp\/v2\/media?parent=2029"}],"curies":[{"name":"wp","href":"https:\/\/api.w.org\/{rel}","templated":true}]}}