{"id":1910,"date":"2025-11-24T13:18:46","date_gmt":"2025-11-24T13:18:46","guid":{"rendered":"https:\/\/www.passepartoutspain.com\/aviso-legal\/"},"modified":"2026-01-16T15:41:06","modified_gmt":"2026-01-16T15:41:06","slug":"aviso-legal","status":"publish","type":"page","link":"https:\/\/www.belgianfurniturespain.com\/es\/aviso-legal\/","title":{"rendered":"Aviso legal"},"content":{"rendered":"<p>[et_pb_section fb_built=&#8221;1&#8243; _builder_version=&#8221;4.27.4&#8243; _module_preset=&#8221;default&#8221; custom_padding=&#8221;120px||||false|false&#8221; global_colors_info=&#8221;{}&#8221;][et_pb_row _builder_version=&#8221;4.27.4&#8243; _module_preset=&#8221;default&#8221; global_colors_info=&#8221;{}&#8221;][et_pb_column type=&#8221;4_4&#8243; _builder_version=&#8221;4.27.4&#8243; _module_preset=&#8221;default&#8221; global_colors_info=&#8221;{}&#8221;][et_pb_heading title=&#8221;AVISO LEGAL&#8221; _builder_version=&#8221;4.27.4&#8243; _module_preset=&#8221;default&#8221; global_colors_info=&#8221;{}&#8221;][\/et_pb_heading][et_pb_text _builder_version=&#8221;4.27.4&#8243; _module_preset=&#8221;default&#8221; global_colors_info=&#8221;{}&#8221;]<\/p>\n<p>El presente Aviso Legal regula el uso del servicio del portal de Internet con direcci\u00f3n https:\/\/www.belgianfurniturespain.com\/, propiedad de la Compa\u00f1\u00eda BEMONT MARBELLA SLU, con CIF\/NIF B93360279 y domicilio social en Calle Hemingway 62, Local 2, Planta baja, Pol. Ind. Guadalhorce, 29004 M\u00e1laga, Espa\u00f1a.<span class=\"Apple-converted-space\"> <\/span><\/p>\n<p><span style=\"font-size: large;\"><strong>Datos de contacto:<span class=\"Apple-converted-space\"> <\/span><\/strong><\/span><\/p>\n<p>&#8211; Tel\u00e9fono: +34 627 19 80 23<span class=\"Apple-converted-space\"> <\/span><\/p>\n<p>&#8211; Correo electr\u00f3nico: info@belgianfurniturespain.com<span class=\"Apple-converted-space\"> <\/span><\/p>\n<p><span style=\"font-size: large;\"><strong>Legislaci\u00f3n<span class=\"Apple-converted-space\"> <\/span><\/strong><\/span><b><\/b><\/p>\n<p>El nombre de dominio https:\/\/www.belgianfurniturespain.com\/ es titularidad de Bemont Marbella SLU y su uso exclusivo est\u00e1 reservado a \u00e9ste, con el fin de distribuir y comercializar la Marca Europea Passe Partout en Espa\u00f1a, bajo el nombre comercial Passe Partout Spain. El portal oficial de Passe Partout Espa\u00f1a tiene por objeto dar a conocer al p\u00fablico los productos de mobiliario y accesorios de decoraci\u00f3n de la Marca Europea Passe Partout en Espa\u00f1a.<span class=\"Apple-converted-space\"> <\/span><\/p>\n<p>Con car\u00e1cter general las relaciones con los usuarios de los servicios telem\u00e1ticos presentes en la web https:\/\/www.belgianfurniturespain.com\/, se encuentran sometidas a la legislaci\u00f3n y jurisdicci\u00f3n espa\u00f1olas.<span class=\"Apple-converted-space\"> <\/span><\/p>\n<p>Las partes renuncian expresamente al fuero que les pudiera corresponder y se someten expresamente a los Juzgados y Tribunales de M\u00c1LAGA para resolver cualquier controversia que pudiera surgir en la interpretaci\u00f3n o ejecuci\u00f3n de las presentes condiciones contractuales.<span class=\"Apple-converted-space\"> <\/span><\/p>\n<p><span style=\"font-size: large;\"><strong>Contenido y Uso<span class=\"Apple-converted-space\"> <\/span><\/strong><\/span><b><\/b><\/p>\n<p>El Usuario queda informado, y acepta, que el acceso a la presente web no supone, en modo alguno, el inicio de una relaci\u00f3n comercial con BEMONT MARBELLA, SLU. El titular del web no se identifica con las opiniones vertidas en el mismo por sus colaboradores. La Empresa se reserva el derecho de efectuar sin previo aviso las modificaciones que considere oportunas en su Web, pudiendo cambiar, suprimir o a\u00f1adir tanto los contenidos y servicios que se presten a trav\u00e9s de la misma como la forma en la que \u00e9stos aparezcan presentados o localizados en sus servidores.<span class=\"Apple-converted-space\"> <\/span><\/p>\n<p><span style=\"font-size: large;\"><strong>Propiedad intelectual e industrial<span class=\"Apple-converted-space\"> <\/span><\/strong><\/span><b><\/b><\/p>\n<p>Los derechos de propiedad intelectual del contenido de las p\u00e1ginas web, su dise\u00f1o gr\u00e1fico con im\u00e1genes, logos y c\u00f3digos son titularidad de BEMONT MARBELLA SLU y, por lo tanto, queda prohibida su reproducci\u00f3n, distribuci\u00f3n, comunicaci\u00f3n p\u00fablica, transformaci\u00f3n o cualquier otra actividad que se pueda realizar con los contenidos de sus p\u00e1ginas web ni aun citando las fuentes, salvo consentimiento por escrito de BEMONT MARBELLA SLU Todos los nombres comerciales, marcas o signos distintos de cualquier clase contenidos en las p\u00e1ginas web de la Empresa son propiedad de sus due\u00f1os y est\u00e1n protegidos por ley.<span class=\"Apple-converted-space\"> <\/span><\/p>\n<p><span style=\"font-size: large;\"><strong>Enlaces (Enlaces)<span class=\"Apple-converted-space\"> <\/span><\/strong><\/span><b><\/b><\/p>\n<p>La presencia de enlaces (links) en las p\u00e1ginas web de BEMONT MARBELLA SLU tiene finalidad meramente informativa y en ning\u00fan caso supone sugerencia, invitaci\u00f3n o recomendaci\u00f3n sobre los mismos.<span class=\"Apple-converted-space\"> <\/span><\/p>\n<p>[\/et_pb_text][\/et_pb_column][\/et_pb_row][\/et_pb_section]<\/p>\n","protected":false},"excerpt":{"rendered":"<p>El presente Aviso Legal regula el uso del servicio del portal de Internet con direcci\u00f3n https:\/\/www.belgianfurniturespain.com\/, propiedad de la Compa\u00f1\u00eda BEMONT MARBELLA SLU, con CIF\/NIF B93360279 y domicilio social en Calle Hemingway 62, Local 2, Planta baja, Pol. Ind. Guadalhorce, 29004 M\u00e1laga, Espa\u00f1a. Datos de contacto: &#8211; Tel\u00e9fono: +34 627 19 80 23 &#8211; Correo electr\u00f3nico: info@belgianfurniturespain.com Legislaci\u00f3n El nombre de dominio https:\/\/www.belgianfurniturespain.com\/ es titularidad de Bemont Marbella SLU y su uso exclusivo est\u00e1 reservado a \u00e9ste, con el fin de distribuir y comercializar la Marca Europea Passe Partout en Espa\u00f1a, bajo el nombre comercial Passe Partout Spain. El portal oficial de Passe Partout Espa\u00f1a tiene por objeto dar a conocer al p\u00fablico los productos de mobiliario y accesorios de decoraci\u00f3n de la Marca Europea Passe Partout en Espa\u00f1a. Con car\u00e1cter general las relaciones con los usuarios de los servicios telem\u00e1ticos presentes en la web https:\/\/www.belgianfurniturespain.com\/, se encuentran sometidas a la legislaci\u00f3n y jurisdicci\u00f3n espa\u00f1olas. Las partes renuncian expresamente al fuero que les pudiera corresponder y se someten expresamente a los Juzgados y Tribunales de M\u00c1LAGA para resolver cualquier controversia que pudiera surgir en la interpretaci\u00f3n o ejecuci\u00f3n de las presentes condiciones contractuales. Contenido y Uso El Usuario queda informado, [&hellip;]<\/p>\n","protected":false},"author":2,"featured_media":0,"parent":0,"menu_order":0,"comment_status":"closed","ping_status":"closed","template":"","meta":{"_acf_changed":false,"_et_pb_use_builder":"on","_et_pb_old_content":"","_et_gb_content_width":"","footnotes":""},"class_list":["post-1910","page","type-page","status-publish","hentry"],"acf":[],"yoast_head":"<!-- This site is optimized with the Yoast SEO plugin v27.4 - https:\/\/yoast.com\/product\/yoast-seo-wordpress\/ -->\n<title>Aviso legal - Premium Belgian Furniture Spain<\/title>\n<meta name=\"robots\" content=\"index, follow, max-snippet:-1, max-image-preview:large, max-video-preview:-1\" \/>\n<link rel=\"canonical\" href=\"https:\/\/www.belgianfurniturespain.com\/es\/aviso-legal\/\" \/>\n<meta property=\"og:locale\" content=\"es_ES\" \/>\n<meta property=\"og:type\" content=\"article\" \/>\n<meta property=\"og:title\" content=\"Aviso legal - Premium Belgian Furniture Spain\" \/>\n<meta property=\"og:description\" content=\"El presente Aviso Legal regula el uso del servicio del portal de Internet con direcci\u00f3n https:\/\/www.belgianfurniturespain.com\/, propiedad de la Compa\u00f1\u00eda BEMONT MARBELLA SLU, con CIF\/NIF B93360279 y domicilio social en Calle Hemingway 62, Local 2, Planta baja, Pol. Ind. Guadalhorce, 29004 M\u00e1laga, Espa\u00f1a. Datos de contacto: - Tel\u00e9fono: +34 627 19 80 23 - Correo electr\u00f3nico: info@belgianfurniturespain.com Legislaci\u00f3n El nombre de dominio https:\/\/www.belgianfurniturespain.com\/ es titularidad de Bemont Marbella SLU y su uso exclusivo est\u00e1 reservado a \u00e9ste, con el fin de distribuir y comercializar la Marca Europea Passe Partout en Espa\u00f1a, bajo el nombre comercial Passe Partout Spain. El portal oficial de Passe Partout Espa\u00f1a tiene por objeto dar a conocer al p\u00fablico los productos de mobiliario y accesorios de decoraci\u00f3n de la Marca Europea Passe Partout en Espa\u00f1a. Con car\u00e1cter general las relaciones con los usuarios de los servicios telem\u00e1ticos presentes en la web https:\/\/www.belgianfurniturespain.com\/, se encuentran sometidas a la legislaci\u00f3n y jurisdicci\u00f3n espa\u00f1olas. Las partes renuncian expresamente al fuero que les pudiera corresponder y se someten expresamente a los Juzgados y Tribunales de M\u00c1LAGA para resolver cualquier controversia que pudiera surgir en la interpretaci\u00f3n o ejecuci\u00f3n de las presentes condiciones contractuales. Contenido y Uso El Usuario queda informado, [&hellip;]\" \/>\n<meta property=\"og:url\" content=\"https:\/\/www.belgianfurniturespain.com\/es\/aviso-legal\/\" \/>\n<meta property=\"og:site_name\" content=\"Premium Belgian Furniture Spain\" \/>\n<meta property=\"article:modified_time\" content=\"2026-01-16T15:41:06+00:00\" \/>\n<meta name=\"twitter:card\" content=\"summary_large_image\" \/>\n<meta name=\"twitter:label1\" content=\"Est. reading time\" \/>\n\t<meta name=\"twitter:data1\" content=\"3 minutes\" \/>\n<script type=\"application\/ld+json\" class=\"yoast-schema-graph\">{\"@context\":\"https:\\\/\\\/schema.org\",\"@graph\":[{\"@type\":\"WebPage\",\"@id\":\"https:\\\/\\\/www.belgianfurniturespain.com\\\/es\\\/aviso-legal\\\/\",\"url\":\"https:\\\/\\\/www.belgianfurniturespain.com\\\/es\\\/aviso-legal\\\/\",\"name\":\"Aviso legal - Premium Belgian Furniture Spain\",\"isPartOf\":{\"@id\":\"https:\\\/\\\/www.belgianfurniturespain.com\\\/es\\\/#website\"},\"datePublished\":\"2025-11-24T13:18:46+00:00\",\"dateModified\":\"2026-01-16T15:41:06+00:00\",\"breadcrumb\":{\"@id\":\"https:\\\/\\\/www.belgianfurniturespain.com\\\/es\\\/aviso-legal\\\/#breadcrumb\"},\"inLanguage\":\"es-ES\",\"potentialAction\":[{\"@type\":\"ReadAction\",\"target\":[\"https:\\\/\\\/www.belgianfurniturespain.com\\\/es\\\/aviso-legal\\\/\"]}]},{\"@type\":\"BreadcrumbList\",\"@id\":\"https:\\\/\\\/www.belgianfurniturespain.com\\\/es\\\/aviso-legal\\\/#breadcrumb\",\"itemListElement\":[{\"@type\":\"ListItem\",\"position\":1,\"name\":\"Home\",\"item\":\"https:\\\/\\\/www.belgianfurniturespain.com\\\/es\\\/pagina-de-inicio\\\/\"},{\"@type\":\"ListItem\",\"position\":2,\"name\":\"Aviso legal\"}]},{\"@type\":\"WebSite\",\"@id\":\"https:\\\/\\\/www.belgianfurniturespain.com\\\/es\\\/#website\",\"url\":\"https:\\\/\\\/www.belgianfurniturespain.com\\\/es\\\/\",\"name\":\"Premium Belgian Furniture Spain\",\"description\":\"- Exclusive Passe Partout Distributor | Sofas, Tables, Chairs, Seats, Beds &amp; Outdoor \",\"potentialAction\":[{\"@type\":\"SearchAction\",\"target\":{\"@type\":\"EntryPoint\",\"urlTemplate\":\"https:\\\/\\\/www.belgianfurniturespain.com\\\/es\\\/?s={search_term_string}\"},\"query-input\":{\"@type\":\"PropertyValueSpecification\",\"valueRequired\":true,\"valueName\":\"search_term_string\"}}],\"inLanguage\":\"es-ES\"}]}<\/script>\n<!-- \/ Yoast SEO plugin. -->","yoast_head_json":{"title":"Aviso legal - Premium Belgian Furniture Spain","robots":{"index":"index","follow":"follow","max-snippet":"max-snippet:-1","max-image-preview":"max-image-preview:large","max-video-preview":"max-video-preview:-1"},"canonical":"https:\/\/www.belgianfurniturespain.com\/es\/aviso-legal\/","og_locale":"es_ES","og_type":"article","og_title":"Aviso legal - Premium Belgian Furniture Spain","og_description":"El presente Aviso Legal regula el uso del servicio del portal de Internet con direcci\u00f3n https:\/\/www.belgianfurniturespain.com\/, propiedad de la Compa\u00f1\u00eda BEMONT MARBELLA SLU, con CIF\/NIF B93360279 y domicilio social en Calle Hemingway 62, Local 2, Planta baja, Pol. Ind. Guadalhorce, 29004 M\u00e1laga, Espa\u00f1a. Datos de contacto: - Tel\u00e9fono: +34 627 19 80 23 - Correo electr\u00f3nico: info@belgianfurniturespain.com Legislaci\u00f3n El nombre de dominio https:\/\/www.belgianfurniturespain.com\/ es titularidad de Bemont Marbella SLU y su uso exclusivo est\u00e1 reservado a \u00e9ste, con el fin de distribuir y comercializar la Marca Europea Passe Partout en Espa\u00f1a, bajo el nombre comercial Passe Partout Spain. El portal oficial de Passe Partout Espa\u00f1a tiene por objeto dar a conocer al p\u00fablico los productos de mobiliario y accesorios de decoraci\u00f3n de la Marca Europea Passe Partout en Espa\u00f1a. Con car\u00e1cter general las relaciones con los usuarios de los servicios telem\u00e1ticos presentes en la web https:\/\/www.belgianfurniturespain.com\/, se encuentran sometidas a la legislaci\u00f3n y jurisdicci\u00f3n espa\u00f1olas. Las partes renuncian expresamente al fuero que les pudiera corresponder y se someten expresamente a los Juzgados y Tribunales de M\u00c1LAGA para resolver cualquier controversia que pudiera surgir en la interpretaci\u00f3n o ejecuci\u00f3n de las presentes condiciones contractuales. Contenido y Uso El Usuario queda informado, [&hellip;]","og_url":"https:\/\/www.belgianfurniturespain.com\/es\/aviso-legal\/","og_site_name":"Premium Belgian Furniture Spain","article_modified_time":"2026-01-16T15:41:06+00:00","twitter_card":"summary_large_image","twitter_misc":{"Est. reading time":"3 minutes"},"schema":{"@context":"https:\/\/schema.org","@graph":[{"@type":"WebPage","@id":"https:\/\/www.belgianfurniturespain.com\/es\/aviso-legal\/","url":"https:\/\/www.belgianfurniturespain.com\/es\/aviso-legal\/","name":"Aviso legal - Premium Belgian Furniture Spain","isPartOf":{"@id":"https:\/\/www.belgianfurniturespain.com\/es\/#website"},"datePublished":"2025-11-24T13:18:46+00:00","dateModified":"2026-01-16T15:41:06+00:00","breadcrumb":{"@id":"https:\/\/www.belgianfurniturespain.com\/es\/aviso-legal\/#breadcrumb"},"inLanguage":"es-ES","potentialAction":[{"@type":"ReadAction","target":["https:\/\/www.belgianfurniturespain.com\/es\/aviso-legal\/"]}]},{"@type":"BreadcrumbList","@id":"https:\/\/www.belgianfurniturespain.com\/es\/aviso-legal\/#breadcrumb","itemListElement":[{"@type":"ListItem","position":1,"name":"Home","item":"https:\/\/www.belgianfurniturespain.com\/es\/pagina-de-inicio\/"},{"@type":"ListItem","position":2,"name":"Aviso legal"}]},{"@type":"WebSite","@id":"https:\/\/www.belgianfurniturespain.com\/es\/#website","url":"https:\/\/www.belgianfurniturespain.com\/es\/","name":"Premium Belgian Furniture Spain","description":"- Exclusive Passe Partout Distributor | Sofas, Tables, Chairs, Seats, Beds &amp; Outdoor ","potentialAction":[{"@type":"SearchAction","target":{"@type":"EntryPoint","urlTemplate":"https:\/\/www.belgianfurniturespain.com\/es\/?s={search_term_string}"},"query-input":{"@type":"PropertyValueSpecification","valueRequired":true,"valueName":"search_term_string"}}],"inLanguage":"es-ES"}]}},"_links":{"self":[{"href":"https:\/\/www.belgianfurniturespain.com\/es\/wp-json\/wp\/v2\/pages\/1910","targetHints":{"allow":["GET"]}}],"collection":[{"href":"https:\/\/www.belgianfurniturespain.com\/es\/wp-json\/wp\/v2\/pages"}],"about":[{"href":"https:\/\/www.belgianfurniturespain.com\/es\/wp-json\/wp\/v2\/types\/page"}],"author":[{"embeddable":true,"href":"https:\/\/www.belgianfurniturespain.com\/es\/wp-json\/wp\/v2\/users\/2"}],"replies":[{"embeddable":true,"href":"https:\/\/www.belgianfurniturespain.com\/es\/wp-json\/wp\/v2\/comments?post=1910"}],"version-history":[{"count":5,"href":"https:\/\/www.belgianfurniturespain.com\/es\/wp-json\/wp\/v2\/pages\/1910\/revisions"}],"predecessor-version":[{"id":1934,"href":"https:\/\/www.belgianfurniturespain.com\/es\/wp-json\/wp\/v2\/pages\/1910\/revisions\/1934"}],"wp:attachment":[{"href":"https:\/\/www.belgianfurniturespain.com\/es\/wp-json\/wp\/v2\/media?parent=1910"}],"curies":[{"name":"wp","href":"https:\/\/api.w.org\/{rel}","templated":true}]}}